{"id":97,"date":"2022-04-21T12:45:04","date_gmt":"2022-04-21T10:45:04","guid":{"rendered":"http:\/\/mavoiemavie.fr\/?page_id=97"},"modified":"2022-07-01T08:36:28","modified_gmt":"2022-07-01T06:36:28","slug":"qui-suis-je","status":"publish","type":"page","link":"http:\/\/mavoiemavie.fr\/index.php\/qui-suis-je\/","title":{"rendered":"Qui suis-je?"},"content":{"rendered":"\n<div class=\"wp-block-media-text alignwide is-stacked-on-mobile\"><figure class=\"wp-block-media-text__media\"><img decoding=\"async\" loading=\"lazy\" width=\"1024\" height=\"1024\" src=\"http:\/\/mavoiemavie.fr\/wp-content\/uploads\/2022\/04\/12748076_222164614800317_5143333683207046659_o-1024x1024.jpg\" alt=\"\" class=\"wp-image-430 size-full\" srcset=\"http:\/\/mavoiemavie.fr\/wp-content\/uploads\/2022\/04\/12748076_222164614800317_5143333683207046659_o-1024x1024.jpg 1024w, http:\/\/mavoiemavie.fr\/wp-content\/uploads\/2022\/04\/12748076_222164614800317_5143333683207046659_o-300x300.jpg 300w, http:\/\/mavoiemavie.fr\/wp-content\/uploads\/2022\/04\/12748076_222164614800317_5143333683207046659_o-150x150.jpg 150w, http:\/\/mavoiemavie.fr\/wp-content\/uploads\/2022\/04\/12748076_222164614800317_5143333683207046659_o-768x768.jpg 768w, http:\/\/mavoiemavie.fr\/wp-content\/uploads\/2022\/04\/12748076_222164614800317_5143333683207046659_o.jpg 1080w\" sizes=\"(max-width: 1024px) 100vw, 1024px\" \/><\/figure><div class=\"wp-block-media-text__content\">\n<p class=\"has-normal-font-size\">N\u00e9e dans une petite ville de montagne de Transylvanie en Roumanie, je grandis entour\u00e9e de la nature et de ses bienfaits. J&#8217;aime les \u00e9tudes, le sport et je suis proche de ma famille. En 2002, j&#8217;obtiens ma Ma\u00eetrise de traductrice-interpr\u00e8te et de professeur de langues fran\u00e7aise et anglaise \u00e0 l\u2019Universit\u00e9 Transylvanie de Brasov. Ma soif de connaissances inassouvie, je continue de me former en voyages et tourisme international, mais aussi dans les m\u00e9dias comme pr\u00e9sentatrice t\u00e9l\u00e9. Je multiplie les exp\u00e9riences : j&#8217;enseigne les langues \u00e9trang\u00e8res dans le lyc\u00e9e O.C. Taslauanu de Toplita, je m\u2019installe comme traductrice asserment\u00e9e et je r\u00e9alise des \u00e9missions radio \u00e0 Radio Ardealul, Toplita. Je me passionne pour l\u2019expression artistique, ainsi je cocr\u00e9e, en \u00e9quipe avec la professeure de fran\u00e7ais une troupe de th\u00e9\u00e2tre avec mes \u00e9l\u00e8ves. Nous emportons le prix des costumes au Festival Francophone de th\u00e9\u00e2tre de Dej en Roumanie. En 2004, je rencontre J\u00e9r\u00f4me, voyageur et \u00e9crivain fran\u00e7ais avec qui je me<br>marie trois ans apr\u00e8s en Bretagne et je m&#8217;installe en France.<\/p>\n<\/div><\/div>\n","protected":false},"excerpt":{"rendered":"<p>N\u00e9e dans une petite ville de montagne de Transylvanie en Roumanie, je grandis entour\u00e9e de la nature et de ses bienfaits. J&#8217;aime les \u00e9tudes, le &hellip;<\/p>\n","protected":false},"author":1,"featured_media":0,"parent":0,"menu_order":0,"comment_status":"closed","ping_status":"closed","template":"","meta":{"_coblocks_attr":"","_coblocks_dimensions":"","_coblocks_responsive_height":"","_coblocks_accordion_ie_support":""},"_links":{"self":[{"href":"http:\/\/mavoiemavie.fr\/index.php\/wp-json\/wp\/v2\/pages\/97"}],"collection":[{"href":"http:\/\/mavoiemavie.fr\/index.php\/wp-json\/wp\/v2\/pages"}],"about":[{"href":"http:\/\/mavoiemavie.fr\/index.php\/wp-json\/wp\/v2\/types\/page"}],"author":[{"embeddable":true,"href":"http:\/\/mavoiemavie.fr\/index.php\/wp-json\/wp\/v2\/users\/1"}],"replies":[{"embeddable":true,"href":"http:\/\/mavoiemavie.fr\/index.php\/wp-json\/wp\/v2\/comments?post=97"}],"version-history":[{"count":12,"href":"http:\/\/mavoiemavie.fr\/index.php\/wp-json\/wp\/v2\/pages\/97\/revisions"}],"predecessor-version":[{"id":638,"href":"http:\/\/mavoiemavie.fr\/index.php\/wp-json\/wp\/v2\/pages\/97\/revisions\/638"}],"wp:attachment":[{"href":"http:\/\/mavoiemavie.fr\/index.php\/wp-json\/wp\/v2\/media?parent=97"}],"curies":[{"name":"wp","href":"https:\/\/api.w.org\/{rel}","templated":true}]}}