{"id":495,"date":"2022-05-15T08:19:45","date_gmt":"2022-05-15T06:19:45","guid":{"rendered":"http:\/\/mavoiemavie.fr\/?page_id=495"},"modified":"2022-07-01T08:31:56","modified_gmt":"2022-07-01T06:31:56","slug":"blog","status":"publish","type":"page","link":"http:\/\/mavoiemavie.fr\/index.php\/blog\/","title":{"rendered":"Blog"},"content":{"rendered":"\n<div class=\"wp-block-columns alignwide are-vertically-aligned-center is-layout-flex wp-container-11\">\n<div class=\"wp-block-column is-vertically-aligned-center is-layout-flow\" style=\"flex-basis:50%\">\n<div class=\"wp-block-group is-layout-flow\"><div class=\"wp-block-group__inner-container\">\n<div class=\"wp-block-columns is-layout-flex wp-container-5\">\n<div class=\"wp-block-column is-layout-flow\" style=\"flex-basis:100%\">\n<div class=\"wp-block-columns is-layout-flex wp-container-3\">\n<div class=\"wp-block-column is-layout-flow\" style=\"flex-basis:100%\">\n<div class=\"wp-block-group is-layout-flow\"><div class=\"wp-block-group__inner-container\">\n<blockquote class=\"wp-block-quote\" style=\"color:#945acb\"><p>Bon voyage dans mon monde de curiosit\u00e9s et infos utiles !<\/p><\/blockquote>\n\n\n\n<p>Passionn\u00e9e et curieuse, je feuillette, je m&#8217;informe et je cherche \u00e0 transmettre l&#8217;information. Vous trouverez sur mon blog des articles \u00e9clectiques et sympa car je trouve mon inspiration dans un brin d&#8217;herbe comme dans une encyclop\u00e9die ou alors un livre sp\u00e9cialis\u00e9! Et les domaines peuvent aller de la biologie, \u00e0 la psychologie, en passant par les p\u00e9dagogies et m\u00e9decines alternatives, le cin\u00e9ma et la cr\u00e9ativit\u00e9, l&#8217;intelligence \u00e9motionnelle ou la nourriture \ud83d\ude42 Stay tuned !<\/p>\n\n\n\n<p> <\/p>\n<\/div><\/div>\n<\/div>\n<\/div>\n<\/div>\n<\/div>\n<\/div><\/div>\n<\/div>\n\n\n\n<div class=\"wp-block-column is-vertically-aligned-center is-layout-flow\" style=\"padding-top:1em;padding-right:1em;padding-bottom:1em;padding-left:1em\">\n<div class=\"wp-block-columns is-layout-flex wp-container-9\">\n<div class=\"wp-block-column is-layout-flow\" style=\"flex-basis:320px\"><div class=\"wp-block-image is-style-bottom-wave\">\n<figure class=\"aligncenter size-large is-resized\"><img decoding=\"async\" loading=\"lazy\" src=\"http:\/\/mavoiemavie.fr\/wp-content\/uploads\/2022\/04\/107822621_3093748497367880_4990209697868802255_n-1024x768.jpg\" alt=\"\" class=\"wp-image-362\" width=\"563\" height=\"422\" srcset=\"http:\/\/mavoiemavie.fr\/wp-content\/uploads\/2022\/04\/107822621_3093748497367880_4990209697868802255_n-1024x768.jpg 1024w, http:\/\/mavoiemavie.fr\/wp-content\/uploads\/2022\/04\/107822621_3093748497367880_4990209697868802255_n-300x225.jpg 300w, http:\/\/mavoiemavie.fr\/wp-content\/uploads\/2022\/04\/107822621_3093748497367880_4990209697868802255_n-768x576.jpg 768w, http:\/\/mavoiemavie.fr\/wp-content\/uploads\/2022\/04\/107822621_3093748497367880_4990209697868802255_n-400x300.jpg 400w, http:\/\/mavoiemavie.fr\/wp-content\/uploads\/2022\/04\/107822621_3093748497367880_4990209697868802255_n.jpg 1440w\" sizes=\"(max-width: 563px) 100vw, 563px\" \/><\/figure><\/div><\/div>\n<\/div>\n<\/div>\n<\/div>\n","protected":false},"excerpt":{"rendered":"<p>Bon voyage dans mon monde de curiosit\u00e9s et infos utiles ! Passionn\u00e9e et curieuse, je feuillette, je m&#8217;informe et je cherche \u00e0 transmettre l&#8217;information. Vous &hellip;<\/p>\n","protected":false},"author":1,"featured_media":323,"parent":0,"menu_order":0,"comment_status":"closed","ping_status":"closed","template":"","meta":{"_coblocks_attr":"","_coblocks_dimensions":"","_coblocks_responsive_height":"","_coblocks_accordion_ie_support":""},"_links":{"self":[{"href":"http:\/\/mavoiemavie.fr\/index.php\/wp-json\/wp\/v2\/pages\/495"}],"collection":[{"href":"http:\/\/mavoiemavie.fr\/index.php\/wp-json\/wp\/v2\/pages"}],"about":[{"href":"http:\/\/mavoiemavie.fr\/index.php\/wp-json\/wp\/v2\/types\/page"}],"author":[{"embeddable":true,"href":"http:\/\/mavoiemavie.fr\/index.php\/wp-json\/wp\/v2\/users\/1"}],"replies":[{"embeddable":true,"href":"http:\/\/mavoiemavie.fr\/index.php\/wp-json\/wp\/v2\/comments?post=495"}],"version-history":[{"count":19,"href":"http:\/\/mavoiemavie.fr\/index.php\/wp-json\/wp\/v2\/pages\/495\/revisions"}],"predecessor-version":[{"id":747,"href":"http:\/\/mavoiemavie.fr\/index.php\/wp-json\/wp\/v2\/pages\/495\/revisions\/747"}],"wp:featuredmedia":[{"embeddable":true,"href":"http:\/\/mavoiemavie.fr\/index.php\/wp-json\/wp\/v2\/media\/323"}],"wp:attachment":[{"href":"http:\/\/mavoiemavie.fr\/index.php\/wp-json\/wp\/v2\/media?parent=495"}],"curies":[{"name":"wp","href":"https:\/\/api.w.org\/{rel}","templated":true}]}}