{"id":153,"date":"2022-04-21T16:01:46","date_gmt":"2022-04-21T14:01:46","guid":{"rendered":"http:\/\/mavoiemavie.fr\/?page_id=153"},"modified":"2022-07-01T09:58:10","modified_gmt":"2022-07-01T07:58:10","slug":"entreprise","status":"publish","type":"page","link":"http:\/\/mavoiemavie.fr\/index.php\/entreprise\/","title":{"rendered":"Entreprise"},"content":{"rendered":"\n<p class=\"has-headings-color has-text-color\">Managers, cadres, dirigeants! Je vous propose \u00e0 vous et \u00e0 vos \u00e9quipes un programme d&#8217;ateliers &#8220;Marche en \u00e9veil des sens&#8221; ! Dans le Grand Avignon et dans le Vaucluse, 5 lieux marquants pour vous retrouver en groupe, \u00e9changer et exp\u00e9rimenter la marche en \u00e9coutant vos 5 sens! Allier sport, bien-\u00eatre, conscience de soi et des ressentis de chaque participant pour une \u00e9quipe soud\u00e9e et en harmonie !<br><a href=\"https:\/\/www.linkedin.com\/feed\/hashtag\/?keywords=animation&amp;highlightedUpdateUrns=urn%3Ali%3Aactivity%3A6948226878163849216\">#animation<\/a>&nbsp;<a href=\"https:\/\/www.linkedin.com\/feed\/hashtag\/?keywords=atelier&amp;highlightedUpdateUrns=urn%3Ali%3Aactivity%3A6948226878163849216\">#atelier<\/a>&nbsp;<a href=\"https:\/\/www.linkedin.com\/feed\/hashtag\/?keywords=marcheeneveildessens&amp;highlightedUpdateUrns=urn%3Ali%3Aactivity%3A6948226878163849216\">#marcheeneveildessens<\/a>&nbsp;<a href=\"https:\/\/www.linkedin.com\/feed\/hashtag\/?keywords=cohesion&amp;highlightedUpdateUrns=urn%3Ali%3Aactivity%3A6948226878163849216\">#cohesion<\/a>&nbsp;<a href=\"https:\/\/www.linkedin.com\/feed\/hashtag\/?keywords=teambuilding&amp;highlightedUpdateUrns=urn%3Ali%3Aactivity%3A6948226878163849216\">#teambuilding<\/a>&nbsp;<a href=\"https:\/\/www.linkedin.com\/feed\/hashtag\/?keywords=sport&amp;highlightedUpdateUrns=urn%3Ali%3Aactivity%3A6948226878163849216\">#sport<\/a>&nbsp;<a href=\"https:\/\/www.linkedin.com\/feed\/hashtag\/?keywords=bienetre&amp;highlightedUpdateUrns=urn%3Ali%3Aactivity%3A6948226878163849216\">#bienetre<\/a>&nbsp;<a href=\"https:\/\/www.linkedin.com\/feed\/hashtag\/?keywords=bienetreautravail&amp;highlightedUpdateUrns=urn%3Ali%3Aactivity%3A6948226878163849216\">#bienetreautravail<\/a>&nbsp;<a href=\"https:\/\/www.linkedin.com\/feed\/hashtag\/?keywords=motivation&amp;highlightedUpdateUrns=urn%3Ali%3Aactivity%3A6948226878163849216\">#motivation<\/a>&nbsp;<a href=\"https:\/\/www.linkedin.com\/feed\/hashtag\/?keywords=nature&amp;highlightedUpdateUrns=urn%3Ali%3Aactivity%3A6948226878163849216\">#nature<\/a>&nbsp;<a href=\"https:\/\/www.linkedin.com\/feed\/hashtag\/?keywords=vaucluse&amp;highlightedUpdateUrns=urn%3Ali%3Aactivity%3A6948226878163849216\">#vaucluse<\/a>&nbsp;<a href=\"https:\/\/www.linkedin.com\/feed\/hashtag\/?keywords=grandavignon&amp;highlightedUpdateUrns=urn%3Ali%3Aactivity%3A6948226878163849216\">#grandavignon<\/a><\/p>\n\n\n\n<h4 class=\"has-accent-2-color has-text-color wp-block-heading\"><strong>Atelier Marche en \u00e9veil des sens<\/strong><\/h4>\n\n\n\n<figure class=\"wp-block-video\"><video controls poster=\"http:\/\/mavoiemavie.fr\/wp-content\/uploads\/2022\/07\/MARCHE-EN-EVEIL-DES-SENS_Moment.jpg\" src=\"http:\/\/mavoiemavie.fr\/wp-content\/uploads\/2022\/07\/MARCHE-EN-EVEIL-DES-SENS.mp4\"><\/video><\/figure>\n","protected":false},"excerpt":{"rendered":"<p>Managers, cadres, dirigeants! Je vous propose \u00e0 vous et \u00e0 vos \u00e9quipes un programme d&#8217;ateliers &#8220;Marche en \u00e9veil des sens&#8221; ! Dans le Grand Avignon &hellip;<\/p>\n","protected":false},"author":1,"featured_media":0,"parent":0,"menu_order":0,"comment_status":"closed","ping_status":"closed","template":"","meta":{"_coblocks_attr":"","_coblocks_dimensions":"","_coblocks_responsive_height":"","_coblocks_accordion_ie_support":""},"_links":{"self":[{"href":"http:\/\/mavoiemavie.fr\/index.php\/wp-json\/wp\/v2\/pages\/153"}],"collection":[{"href":"http:\/\/mavoiemavie.fr\/index.php\/wp-json\/wp\/v2\/pages"}],"about":[{"href":"http:\/\/mavoiemavie.fr\/index.php\/wp-json\/wp\/v2\/types\/page"}],"author":[{"embeddable":true,"href":"http:\/\/mavoiemavie.fr\/index.php\/wp-json\/wp\/v2\/users\/1"}],"replies":[{"embeddable":true,"href":"http:\/\/mavoiemavie.fr\/index.php\/wp-json\/wp\/v2\/comments?post=153"}],"version-history":[{"count":6,"href":"http:\/\/mavoiemavie.fr\/index.php\/wp-json\/wp\/v2\/pages\/153\/revisions"}],"predecessor-version":[{"id":780,"href":"http:\/\/mavoiemavie.fr\/index.php\/wp-json\/wp\/v2\/pages\/153\/revisions\/780"}],"wp:attachment":[{"href":"http:\/\/mavoiemavie.fr\/index.php\/wp-json\/wp\/v2\/media?parent=153"}],"curies":[{"name":"wp","href":"https:\/\/api.w.org\/{rel}","templated":true}]}}