{"id":142,"date":"2022-04-21T15:31:52","date_gmt":"2022-04-21T13:31:52","guid":{"rendered":"http:\/\/mavoiemavie.fr\/?page_id=142"},"modified":"2022-07-01T16:10:22","modified_gmt":"2022-07-01T14:10:22","slug":"scolaire-universitaire-2","status":"publish","type":"page","link":"http:\/\/mavoiemavie.fr\/index.php\/scolaire-universitaire-2\/","title":{"rendered":"Scolaire &#038; Universitaire"},"content":{"rendered":"\n<h4 class=\"wp-block-heading\"> <strong>De la maternelle \u00e0 l&#8217;universit\u00e9<\/strong><\/h4>\n\n\n\n<p>L\u2019\u00e9ducation c\u2019est l\u2019espace o\u00f9 l\u2019on b\u00e2tit l\u2019\u00eatre humain en compl\u00e9mentarit\u00e9 avec la famille et la soci\u00e9t\u00e9. Rencontrer les \u00e9l\u00e8ves et les \u00e9tudiants avec ce message fort d\u2019une exp\u00e9rience de terrain unique est inspirant et formateur. C\u2019est l\u2019occasion pour eux de d\u00e9couvrir une exp\u00e9rience de terrain authentique!<\/p>\n\n\n\n<div aria-label=\"Carousel Gallery\" class=\"wp-block-coblocks-gallery-carousel alignwide\"><div class=\"coblocks-gallery-carousel-swiper-container is-cropped coblocks-gallery has-caption-style-dark\"><div class=\"has-carousel has-carousel-xlrg swiper-container has-aligned-cells has-nav-dabfabed\" data-swiper=\"{&quot;alignCells&quot;:true,&quot;autoPlay&quot;:false,&quot;autoPlaySpeed&quot;:3000,&quot;draggable&quot;:false,&quot;freeMode&quot;:false,&quot;loop&quot;:false,&quot;navigation&quot;:false,&quot;pageDots&quot;:false,&quot;pauseHover&quot;:false,&quot;responsiveHeight&quot;:false,&quot;slidesPerView&quot;:1,&quot;thumbnails&quot;:true,&quot;uuid&quot;:&quot;12345&quot;}\" id=\"12345\" style=\"height:561px\"><div class=\"swiper-wrapper\"><div class=\"swiper-slide\"><div class=\"coblocks-gallery--item\" role=\"button\" tabindex=\"0\"><figure class=\"coblocks-gallery--figure\"><img decoding=\"async\" loading=\"lazy\" width=\"1024\" height=\"768\" alt=\"\" class=\"wp-image-371\" data-id=\"371\" data-link=\"http:\/\/mavoiemavie.fr\/?attachment_id=371\" src=\"http:\/\/mavoiemavie.fr\/wp-content\/uploads\/2022\/04\/26962209_1581444908598254_4876986459880434825_o-1024x768.jpg\" srcset=\"http:\/\/mavoiemavie.fr\/wp-content\/uploads\/2022\/04\/26962209_1581444908598254_4876986459880434825_o-1024x768.jpg 1024w, http:\/\/mavoiemavie.fr\/wp-content\/uploads\/2022\/04\/26962209_1581444908598254_4876986459880434825_o-300x225.jpg 300w, http:\/\/mavoiemavie.fr\/wp-content\/uploads\/2022\/04\/26962209_1581444908598254_4876986459880434825_o-768x576.jpg 768w, http:\/\/mavoiemavie.fr\/wp-content\/uploads\/2022\/04\/26962209_1581444908598254_4876986459880434825_o-400x300.jpg 400w, http:\/\/mavoiemavie.fr\/wp-content\/uploads\/2022\/04\/26962209_1581444908598254_4876986459880434825_o.jpg 1440w\" sizes=\"(max-width: 1024px) 100vw, 1024px\" \/><\/figure><figcaption class=\"coblocks-gallery--caption coblocks-gallery--primary-caption\"><\/figcaption><\/div><\/div><div class=\"swiper-slide\"><div class=\"coblocks-gallery--item\" role=\"button\" tabindex=\"1\"><figure class=\"coblocks-gallery--figure\"><img decoding=\"async\" loading=\"lazy\" width=\"1024\" height=\"682\" alt=\"\" class=\"wp-image-300\" data-id=\"300\" data-link=\"http:\/\/mavoiemavie.fr\/journee-pluvieuse-iran\/\" src=\"http:\/\/mavoiemavie.fr\/wp-content\/uploads\/2022\/04\/JOURNEE-PLUVIEUSE-IRAN-1024x682.jpg\" srcset=\"http:\/\/mavoiemavie.fr\/wp-content\/uploads\/2022\/04\/JOURNEE-PLUVIEUSE-IRAN-1024x682.jpg 1024w, http:\/\/mavoiemavie.fr\/wp-content\/uploads\/2022\/04\/JOURNEE-PLUVIEUSE-IRAN-300x200.jpg 300w, http:\/\/mavoiemavie.fr\/wp-content\/uploads\/2022\/04\/JOURNEE-PLUVIEUSE-IRAN-768x511.jpg 768w, http:\/\/mavoiemavie.fr\/wp-content\/uploads\/2022\/04\/JOURNEE-PLUVIEUSE-IRAN-1536x1023.jpg 1536w, http:\/\/mavoiemavie.fr\/wp-content\/uploads\/2022\/04\/JOURNEE-PLUVIEUSE-IRAN-2048x1364.jpg 2048w, http:\/\/mavoiemavie.fr\/wp-content\/uploads\/2022\/04\/JOURNEE-PLUVIEUSE-IRAN-450x300.jpg 450w\" sizes=\"(max-width: 1024px) 100vw, 1024px\" \/><\/figure><figcaption class=\"coblocks-gallery--caption coblocks-gallery--primary-caption\"><\/figcaption><\/div><\/div><div class=\"swiper-slide\"><div class=\"coblocks-gallery--item\" role=\"button\" tabindex=\"2\"><figure class=\"coblocks-gallery--figure\"><img decoding=\"async\" loading=\"lazy\" width=\"1024\" height=\"768\" alt=\"\" class=\"wp-image-282\" data-id=\"282\" data-link=\"http:\/\/mavoiemavie.fr\/grecia6\/\" src=\"http:\/\/mavoiemavie.fr\/wp-content\/uploads\/2022\/04\/grecia6-1024x768.jpg\" srcset=\"http:\/\/mavoiemavie.fr\/wp-content\/uploads\/2022\/04\/grecia6-1024x768.jpg 1024w, http:\/\/mavoiemavie.fr\/wp-content\/uploads\/2022\/04\/grecia6-300x225.jpg 300w, http:\/\/mavoiemavie.fr\/wp-content\/uploads\/2022\/04\/grecia6-768x576.jpg 768w, http:\/\/mavoiemavie.fr\/wp-content\/uploads\/2022\/04\/grecia6-1536x1152.jpg 1536w, http:\/\/mavoiemavie.fr\/wp-content\/uploads\/2022\/04\/grecia6-2048x1536.jpg 2048w, http:\/\/mavoiemavie.fr\/wp-content\/uploads\/2022\/04\/grecia6-400x300.jpg 400w\" sizes=\"(max-width: 1024px) 100vw, 1024px\" \/><\/figure><figcaption class=\"coblocks-gallery--caption coblocks-gallery--primary-caption\"><\/figcaption><\/div><\/div><div class=\"swiper-slide\"><div class=\"coblocks-gallery--item\" role=\"button\" tabindex=\"3\"><figure class=\"coblocks-gallery--figure\"><img decoding=\"async\" loading=\"lazy\" width=\"1024\" height=\"768\" alt=\"\" class=\"wp-image-260\" data-id=\"260\" data-link=\"http:\/\/mavoiemavie.fr\/img_0496\/\" src=\"http:\/\/mavoiemavie.fr\/wp-content\/uploads\/2022\/04\/IMG_0496-1024x768.jpg\" srcset=\"http:\/\/mavoiemavie.fr\/wp-content\/uploads\/2022\/04\/IMG_0496-1024x768.jpg 1024w, http:\/\/mavoiemavie.fr\/wp-content\/uploads\/2022\/04\/IMG_0496-300x225.jpg 300w, http:\/\/mavoiemavie.fr\/wp-content\/uploads\/2022\/04\/IMG_0496-768x576.jpg 768w, http:\/\/mavoiemavie.fr\/wp-content\/uploads\/2022\/04\/IMG_0496-1536x1152.jpg 1536w, http:\/\/mavoiemavie.fr\/wp-content\/uploads\/2022\/04\/IMG_0496-2048x1536.jpg 2048w, http:\/\/mavoiemavie.fr\/wp-content\/uploads\/2022\/04\/IMG_0496-400x300.jpg 400w\" sizes=\"(max-width: 1024px) 100vw, 1024px\" \/><\/figure><figcaption class=\"coblocks-gallery--caption coblocks-gallery--primary-caption\"><\/figcaption><\/div><\/div><div class=\"swiper-slide\"><div class=\"coblocks-gallery--item\" role=\"button\" tabindex=\"4\"><figure class=\"coblocks-gallery--figure\"><img decoding=\"async\" loading=\"lazy\" width=\"1024\" height=\"576\" alt=\"\" class=\"wp-image-222\" data-id=\"222\" data-link=\"http:\/\/mavoiemavie.fr\/img_8910\/\" src=\"http:\/\/mavoiemavie.fr\/wp-content\/uploads\/2022\/04\/IMG_8910-1024x576.jpg\" srcset=\"http:\/\/mavoiemavie.fr\/wp-content\/uploads\/2022\/04\/IMG_8910-1024x576.jpg 1024w, http:\/\/mavoiemavie.fr\/wp-content\/uploads\/2022\/04\/IMG_8910-300x169.jpg 300w, http:\/\/mavoiemavie.fr\/wp-content\/uploads\/2022\/04\/IMG_8910-768x432.jpg 768w, http:\/\/mavoiemavie.fr\/wp-content\/uploads\/2022\/04\/IMG_8910-1536x864.jpg 1536w, http:\/\/mavoiemavie.fr\/wp-content\/uploads\/2022\/04\/IMG_8910-2048x1152.jpg 2048w, http:\/\/mavoiemavie.fr\/wp-content\/uploads\/2022\/04\/IMG_8910-496x279.jpg 496w\" sizes=\"(max-width: 1024px) 100vw, 1024px\" \/><\/figure><figcaption class=\"coblocks-gallery--caption coblocks-gallery--primary-caption\"><\/figcaption><\/div><\/div><div class=\"swiper-slide\"><div class=\"coblocks-gallery--item\" role=\"button\" tabindex=\"5\"><figure class=\"coblocks-gallery--figure\"><img decoding=\"async\" loading=\"lazy\" width=\"1024\" height=\"682\" alt=\"\" class=\"wp-image-57\" data-id=\"57\" data-link=\"http:\/\/mavoiemavie.fr\/img_4548\/\" src=\"http:\/\/mavoiemavie.fr\/wp-content\/uploads\/2022\/04\/IMG_4548-1024x682.jpg\" srcset=\"http:\/\/mavoiemavie.fr\/wp-content\/uploads\/2022\/04\/IMG_4548-1024x682.jpg 1024w, http:\/\/mavoiemavie.fr\/wp-content\/uploads\/2022\/04\/IMG_4548-300x200.jpg 300w, http:\/\/mavoiemavie.fr\/wp-content\/uploads\/2022\/04\/IMG_4548-768x511.jpg 768w, http:\/\/mavoiemavie.fr\/wp-content\/uploads\/2022\/04\/IMG_4548-1536x1023.jpg 1536w, http:\/\/mavoiemavie.fr\/wp-content\/uploads\/2022\/04\/IMG_4548-2048x1364.jpg 2048w, http:\/\/mavoiemavie.fr\/wp-content\/uploads\/2022\/04\/IMG_4548-421x280.jpg 421w\" sizes=\"(max-width: 1024px) 100vw, 1024px\" \/><\/figure><figcaption class=\"coblocks-gallery--caption coblocks-gallery--primary-caption\"><\/figcaption><\/div><\/div><\/div><\/div><div class=\"wp-block-coblocks-gallery-carousel-thumbnail-pagination\"><button aria-label=\"gallery thumbnail\" class=\"wp-block-coblocks-gallery-carousel-thumbnail wp-block-coblocks-gallery-carousel-thumbnail-0\" style=\"height:80px;width:100px\" tabindex=\"0\"><img decoding=\"async\" alt=\"\" data-id=\"371\" data-link=\"http:\/\/mavoiemavie.fr\/?attachment_id=371\" src=\"http:\/\/mavoiemavie.fr\/wp-content\/uploads\/2022\/04\/26962209_1581444908598254_4876986459880434825_o-1024x768.jpg\" style=\"height:100%;width:100%\"\/><\/button><button aria-label=\"gallery thumbnail\" class=\"wp-block-coblocks-gallery-carousel-thumbnail wp-block-coblocks-gallery-carousel-thumbnail-1\" style=\"height:80px;width:100px\" tabindex=\"0\"><img decoding=\"async\" alt=\"\" data-id=\"300\" data-link=\"http:\/\/mavoiemavie.fr\/journee-pluvieuse-iran\/\" src=\"http:\/\/mavoiemavie.fr\/wp-content\/uploads\/2022\/04\/JOURNEE-PLUVIEUSE-IRAN-1024x682.jpg\" style=\"height:100%;width:100%\"\/><\/button><button aria-label=\"gallery thumbnail\" class=\"wp-block-coblocks-gallery-carousel-thumbnail wp-block-coblocks-gallery-carousel-thumbnail-2\" style=\"height:80px;width:100px\" tabindex=\"0\"><img decoding=\"async\" alt=\"\" data-id=\"282\" data-link=\"http:\/\/mavoiemavie.fr\/grecia6\/\" src=\"http:\/\/mavoiemavie.fr\/wp-content\/uploads\/2022\/04\/grecia6-1024x768.jpg\" style=\"height:100%;width:100%\"\/><\/button><button aria-label=\"gallery thumbnail\" class=\"wp-block-coblocks-gallery-carousel-thumbnail wp-block-coblocks-gallery-carousel-thumbnail-3\" style=\"height:80px;width:100px\" tabindex=\"0\"><img decoding=\"async\" alt=\"\" data-id=\"260\" data-link=\"http:\/\/mavoiemavie.fr\/img_0496\/\" src=\"http:\/\/mavoiemavie.fr\/wp-content\/uploads\/2022\/04\/IMG_0496-1024x768.jpg\" style=\"height:100%;width:100%\"\/><\/button><button aria-label=\"gallery thumbnail\" class=\"wp-block-coblocks-gallery-carousel-thumbnail wp-block-coblocks-gallery-carousel-thumbnail-4\" style=\"height:80px;width:100px\" tabindex=\"0\"><img decoding=\"async\" alt=\"\" data-id=\"222\" data-link=\"http:\/\/mavoiemavie.fr\/img_8910\/\" src=\"http:\/\/mavoiemavie.fr\/wp-content\/uploads\/2022\/04\/IMG_8910-1024x576.jpg\" style=\"height:100%;width:100%\"\/><\/button><button aria-label=\"gallery thumbnail\" class=\"wp-block-coblocks-gallery-carousel-thumbnail wp-block-coblocks-gallery-carousel-thumbnail-5\" style=\"height:80px;width:100px\" tabindex=\"0\"><img decoding=\"async\" alt=\"\" data-id=\"57\" data-link=\"http:\/\/mavoiemavie.fr\/img_4548\/\" src=\"http:\/\/mavoiemavie.fr\/wp-content\/uploads\/2022\/04\/IMG_4548-1024x682.jpg\" style=\"height:100%;width:100%\"\/><\/button><\/div><\/div><\/div>\n\n\n\n<p>Je pense que c\u2019est l\u00e0 o\u00f9 se b\u00e2tit l\u2019\u00e9ducation des nouvelles g\u00e9n\u00e9rations que la simplicit\u00e9 et la force de notre message doivent \u00eatre le mieux entendues. Notre marche doit \u00eatre l\u2019occasion pour les jeunes de poser&nbsp;<strong>un regard plus confiant et plus curieux sur le monde<\/strong>&nbsp;qui les entoure.<\/p>\n\n\n\n<p><\/p>\n","protected":false},"excerpt":{"rendered":"<p>De la maternelle \u00e0 l&#8217;universit\u00e9 L\u2019\u00e9ducation c\u2019est l\u2019espace o\u00f9 l\u2019on b\u00e2tit l\u2019\u00eatre humain en compl\u00e9mentarit\u00e9 avec la famille et la soci\u00e9t\u00e9. Rencontrer les \u00e9l\u00e8ves et &hellip;<\/p>\n","protected":false},"author":1,"featured_media":0,"parent":0,"menu_order":0,"comment_status":"closed","ping_status":"closed","template":"","meta":{"_coblocks_attr":"","_coblocks_dimensions":"","_coblocks_responsive_height":"","_coblocks_accordion_ie_support":""},"_links":{"self":[{"href":"http:\/\/mavoiemavie.fr\/index.php\/wp-json\/wp\/v2\/pages\/142"}],"collection":[{"href":"http:\/\/mavoiemavie.fr\/index.php\/wp-json\/wp\/v2\/pages"}],"about":[{"href":"http:\/\/mavoiemavie.fr\/index.php\/wp-json\/wp\/v2\/types\/page"}],"author":[{"embeddable":true,"href":"http:\/\/mavoiemavie.fr\/index.php\/wp-json\/wp\/v2\/users\/1"}],"replies":[{"embeddable":true,"href":"http:\/\/mavoiemavie.fr\/index.php\/wp-json\/wp\/v2\/comments?post=142"}],"version-history":[{"count":10,"href":"http:\/\/mavoiemavie.fr\/index.php\/wp-json\/wp\/v2\/pages\/142\/revisions"}],"predecessor-version":[{"id":789,"href":"http:\/\/mavoiemavie.fr\/index.php\/wp-json\/wp\/v2\/pages\/142\/revisions\/789"}],"wp:attachment":[{"href":"http:\/\/mavoiemavie.fr\/index.php\/wp-json\/wp\/v2\/media?parent=142"}],"curies":[{"name":"wp","href":"https:\/\/api.w.org\/{rel}","templated":true}]}}