{"id":136,"date":"2022-04-21T15:30:22","date_gmt":"2022-04-21T13:30:22","guid":{"rendered":"http:\/\/mavoiemavie.fr\/?page_id=136"},"modified":"2022-07-01T08:33:50","modified_gmt":"2022-07-01T06:33:50","slug":"grand-public","status":"publish","type":"page","link":"http:\/\/mavoiemavie.fr\/index.php\/grand-public\/","title":{"rendered":"Grand Public"},"content":{"rendered":"\n<h4 class=\"has-accent-2-color has-text-color wp-block-heading\">Atelier <strong>Initiation au voyage \u00e0 pied et en famille<\/strong><\/h4>\n\n\n\n<p class=\"has-accent-2-color has-accent-1-background-color has-text-color has-background\"><strong>OBJECTIFS<\/strong><\/p>\n\n\n\n<p>Transmettre le go\u00fbt et l&#8217;esprit du voyage \u00e0 pied, mettre en situation les participants, apporter des \u00e9l\u00e9ments concrets dans la r\u00e9alisation d&#8217;un voyage in\u00e9dit, seul, en couple ou en famille, ouvrir les participants \u00e0 l&#8217;id\u00e9e qu&#8217;un voyage \u00e0 pied et en famille est possible.<\/p>\n\n\n\n<p>Comment organiser un voyage \u00e0 pied : \u00e9quipement, mat\u00e9riel de communication, d\u00e9marches administratives, pr\u00e9paration physique, choix des itin\u00e9raires, budget, vaccins. Exercices, d\u00e9monstrations, \u00e9changes avec les participants.<\/p>\n\n\n\n<p>Avec projections vid\u00e9os de notre exp\u00e9rience et de nos p\u00e9rip\u00e9ties sur le terrain!<\/p>\n","protected":false},"excerpt":{"rendered":"<p>Atelier Initiation au voyage \u00e0 pied et en famille OBJECTIFS Transmettre le go\u00fbt et l&#8217;esprit du voyage \u00e0 pied, mettre en situation les participants, apporter &hellip;<\/p>\n","protected":false},"author":1,"featured_media":0,"parent":0,"menu_order":0,"comment_status":"closed","ping_status":"closed","template":"","meta":{"_coblocks_attr":"","_coblocks_dimensions":"","_coblocks_responsive_height":"","_coblocks_accordion_ie_support":""},"_links":{"self":[{"href":"http:\/\/mavoiemavie.fr\/index.php\/wp-json\/wp\/v2\/pages\/136"}],"collection":[{"href":"http:\/\/mavoiemavie.fr\/index.php\/wp-json\/wp\/v2\/pages"}],"about":[{"href":"http:\/\/mavoiemavie.fr\/index.php\/wp-json\/wp\/v2\/types\/page"}],"author":[{"embeddable":true,"href":"http:\/\/mavoiemavie.fr\/index.php\/wp-json\/wp\/v2\/users\/1"}],"replies":[{"embeddable":true,"href":"http:\/\/mavoiemavie.fr\/index.php\/wp-json\/wp\/v2\/comments?post=136"}],"version-history":[{"count":5,"href":"http:\/\/mavoiemavie.fr\/index.php\/wp-json\/wp\/v2\/pages\/136\/revisions"}],"predecessor-version":[{"id":725,"href":"http:\/\/mavoiemavie.fr\/index.php\/wp-json\/wp\/v2\/pages\/136\/revisions\/725"}],"wp:attachment":[{"href":"http:\/\/mavoiemavie.fr\/index.php\/wp-json\/wp\/v2\/media?parent=136"}],"curies":[{"name":"wp","href":"https:\/\/api.w.org\/{rel}","templated":true}]}}