{"id":109,"date":"2022-04-21T15:14:30","date_gmt":"2022-04-21T13:14:30","guid":{"rendered":"http:\/\/mavoiemavie.fr\/?page_id=109"},"modified":"2022-07-01T09:38:02","modified_gmt":"2022-07-01T07:38:02","slug":"ateliers","status":"publish","type":"page","link":"http:\/\/mavoiemavie.fr\/index.php\/ateliers\/","title":{"rendered":"Ateliers"},"content":{"rendered":"\n<p>Lorsque je cherche une <strong>solution<\/strong>, que la r\u00e9flexion statique ne fonctionne plus, que j&#8217;ai besoin <strong>d&#8217;espace<\/strong> pour cr\u00e9er ou pour me sentir tout simplement bien, je pars marcher. Je prends mes jambes \u00e0 mon cou \ud83d\ude42 et je parcours des kilom\u00e8tres. Et c&#8217;est au moment o\u00f9 je me retrouve dans la nature, dans la <strong>qui\u00e9tude<\/strong> qu&#8217;elle offre, que tous mes sens se mettent en \u00e9veil ! Mon envie cr\u00e9atrice se r\u00e9veille, je prends l&#8217;appareil photo et je bombarde les plantes, les cours d&#8217;eau, les oiseaux, les paysages. Depuis toute petite, j&#8217;ai pris plaisir \u00e0 marcher dans la nature! Et c&#8217;est ce qui se passe aujourd&#8217;hui encore!<\/p>\n\n\n\n<div style=\"height:32px\" aria-hidden=\"true\" class=\"wp-block-spacer\"><\/div>\n\n\n\n<div class=\"wp-block-media-text is-stacked-on-mobile is-vertically-aligned-center\" style=\"grid-template-columns:15% auto\"><figure class=\"wp-block-media-text__media\"><img decoding=\"async\" loading=\"lazy\" width=\"768\" height=\"1024\" src=\"http:\/\/mavoiemavie.fr\/wp-content\/uploads\/2022\/07\/20220628_124404-768x1024.jpg\" alt=\"\" class=\"wp-image-714 size-full\" srcset=\"http:\/\/mavoiemavie.fr\/wp-content\/uploads\/2022\/07\/20220628_124404-768x1024.jpg 768w, http:\/\/mavoiemavie.fr\/wp-content\/uploads\/2022\/07\/20220628_124404-225x300.jpg 225w, http:\/\/mavoiemavie.fr\/wp-content\/uploads\/2022\/07\/20220628_124404-1152x1536.jpg 1152w, http:\/\/mavoiemavie.fr\/wp-content\/uploads\/2022\/07\/20220628_124404-1536x2048.jpg 1536w, http:\/\/mavoiemavie.fr\/wp-content\/uploads\/2022\/07\/20220628_124404-scaled.jpg 1920w\" sizes=\"(max-width: 768px) 100vw, 768px\" \/><\/figure><div class=\"wp-block-media-text__content\">\n<p class=\"has-large-font-size\">Je vous propose des ateliers de formation \u00e0 l&#8217;\u00e9coute de soi et de ses \u00e9motions, de bien-\u00eatre par &#8220;la marche en \u00e9veil des sens&#8221;, \u00e0 l&#8217;initiation au voyage \u00e0 pied, \u00e0 la d\u00e9couverte de soi et des autres par l&#8217;expression artistique et le mouvement.<\/p>\n<\/div><\/div>\n\n\n\n<div style=\"height:29px\" aria-hidden=\"true\" class=\"wp-block-spacer\"><\/div>\n\n\n\n<div class=\"wp-block-media-text alignwide is-stacked-on-mobile is-style-default\" style=\"grid-template-columns:15% auto\"><figure class=\"wp-block-media-text__media\"><img decoding=\"async\" loading=\"lazy\" width=\"150\" height=\"150\" src=\"http:\/\/mavoiemavie.fr\/wp-content\/uploads\/2022\/04\/IMG_9300-150x150.jpg\" alt=\"\" class=\"wp-image-244 size-thumbnail\"\/><\/figure><div class=\"wp-block-media-text__content\">\n<ul><li>Le mouvement, moteur d&#8217;\u00e9volution et de changement<\/li><\/ul>\n\n\n\n<ul><li>Marche en \u00e9veil des sens<\/li><\/ul>\n\n\n\n<ul><li>Echange de terre et cr\u00e9ateurs de liens<\/li><\/ul>\n<\/div><\/div>\n\n\n\n<h4 class=\"has-text-align-left has-accent-2-color has-text-color wp-block-heading\"> <strong>Bien-\u00eatre, \u00e9veil des sens, voyage et p\u00e9dagogie<\/strong><\/h4>\n\n\n\n<p>C&#8217;est ce sentiment de bien-\u00eatre, de reconnexion \u00e0 soi et \u00e0 son int\u00e9riorit\u00e9 que j&#8217;ai envie de r\u00e9veiller chez vous! Ce sont des ateliers qui se pr\u00eatent <\/p>\n\n\n\n<ul><li>au monde de <strong><a href=\"http:\/\/mavoiemavie.fr\/index.php\/entreprise\/\" data-type=\"URL\" data-id=\"http:\/\/mavoiemavie.fr\/index.php\/entreprise\/\">l&#8217;entreprise<\/a><\/strong> par la force de la coh\u00e9sion d&#8217;\u00e9quipe, de la communication et de la connexion entre les membres qui se cr\u00e9ent! <\/li><li>au milieu <strong><a href=\"http:\/\/mavoiemavie.fr\/index.php\/scolaire-universitaire\/\" data-type=\"URL\" data-id=\"http:\/\/mavoiemavie.fr\/index.php\/scolaire-universitaire\/\" target=\"_blank\" rel=\"noreferrer noopener\">scolaire et universitaire<\/a><\/strong>, o\u00f9 la d\u00e9couverte de la nature et du plaisir de marcher sont des occasions inestimables pour les enfants de faire connaissance avec une v\u00e9ritable activit\u00e9 ludique, b\u00e9n\u00e9fique et \u00e9ducative.<\/li><li>au monde <strong><a href=\"http:\/\/mavoiemavie.fr\/index.php\/grand-public\/\" data-type=\"URL\" data-id=\"http:\/\/mavoiemavie.fr\/index.php\/grand-public\/\" target=\"_blank\" rel=\"noreferrer noopener\">associatif<\/a><\/strong>, dans les <strong>activit\u00e9s sportives et nature<\/strong>, dans les pr\u00e9paration de <strong>voyages<\/strong> individuels ou en groupe!<\/li><\/ul>\n\n\n\n<div aria-label=\"Collage Gallery\" class=\"wp-block-coblocks-gallery-collage alignwide has-small-gutter\"><ul><li class=\"wp-block-coblocks-gallery-collage__item item-1\"><figure class=\"wp-block-coblocks-gallery-collage__figure\"><img decoding=\"async\" loading=\"lazy\" width=\"1024\" height=\"768\" alt=\"\" class=\"wp-image-709\" data-id=\"709\" data-imglink=\"\" data-index=\"0\" data-link=\"http:\/\/mavoiemavie.fr\/?attachment_id=709\" src=\"http:\/\/mavoiemavie.fr\/wp-content\/uploads\/2022\/07\/20220628_121122-1024x768.jpg\" srcset=\"http:\/\/mavoiemavie.fr\/wp-content\/uploads\/2022\/07\/20220628_121122-1024x768.jpg 1024w, http:\/\/mavoiemavie.fr\/wp-content\/uploads\/2022\/07\/20220628_121122-300x225.jpg 300w, http:\/\/mavoiemavie.fr\/wp-content\/uploads\/2022\/07\/20220628_121122-768x576.jpg 768w, http:\/\/mavoiemavie.fr\/wp-content\/uploads\/2022\/07\/20220628_121122-1536x1152.jpg 1536w, http:\/\/mavoiemavie.fr\/wp-content\/uploads\/2022\/07\/20220628_121122-2048x1536.jpg 2048w, http:\/\/mavoiemavie.fr\/wp-content\/uploads\/2022\/07\/20220628_121122-400x300.jpg 400w\" sizes=\"(max-width: 1024px) 100vw, 1024px\" \/><\/figure><\/li><li class=\"wp-block-coblocks-gallery-collage__item item-2\"><figure class=\"wp-block-coblocks-gallery-collage__figure\"><img decoding=\"async\" loading=\"lazy\" width=\"1024\" height=\"768\" alt=\"\" class=\"wp-image-705\" data-id=\"705\" data-imglink=\"\" data-index=\"1\" data-link=\"http:\/\/mavoiemavie.fr\/?attachment_id=705\" src=\"http:\/\/mavoiemavie.fr\/wp-content\/uploads\/2022\/07\/20220628_115507-1024x768.jpg\" srcset=\"http:\/\/mavoiemavie.fr\/wp-content\/uploads\/2022\/07\/20220628_115507-1024x768.jpg 1024w, http:\/\/mavoiemavie.fr\/wp-content\/uploads\/2022\/07\/20220628_115507-300x225.jpg 300w, http:\/\/mavoiemavie.fr\/wp-content\/uploads\/2022\/07\/20220628_115507-768x576.jpg 768w, http:\/\/mavoiemavie.fr\/wp-content\/uploads\/2022\/07\/20220628_115507-1536x1152.jpg 1536w, http:\/\/mavoiemavie.fr\/wp-content\/uploads\/2022\/07\/20220628_115507-2048x1536.jpg 2048w, http:\/\/mavoiemavie.fr\/wp-content\/uploads\/2022\/07\/20220628_115507-400x300.jpg 400w\" sizes=\"(max-width: 1024px) 100vw, 1024px\" \/><\/figure><\/li><li class=\"wp-block-coblocks-gallery-collage__item item-3\"><figure class=\"wp-block-coblocks-gallery-collage__figure\"><img decoding=\"async\" loading=\"lazy\" width=\"1024\" height=\"768\" alt=\"\" class=\"wp-image-707\" data-id=\"707\" data-imglink=\"\" data-index=\"2\" data-link=\"http:\/\/mavoiemavie.fr\/?attachment_id=707\" src=\"http:\/\/mavoiemavie.fr\/wp-content\/uploads\/2022\/07\/20220628_115630-1024x768.jpg\" srcset=\"http:\/\/mavoiemavie.fr\/wp-content\/uploads\/2022\/07\/20220628_115630-1024x768.jpg 1024w, http:\/\/mavoiemavie.fr\/wp-content\/uploads\/2022\/07\/20220628_115630-300x225.jpg 300w, http:\/\/mavoiemavie.fr\/wp-content\/uploads\/2022\/07\/20220628_115630-768x576.jpg 768w, http:\/\/mavoiemavie.fr\/wp-content\/uploads\/2022\/07\/20220628_115630-1536x1152.jpg 1536w, http:\/\/mavoiemavie.fr\/wp-content\/uploads\/2022\/07\/20220628_115630-2048x1536.jpg 2048w, http:\/\/mavoiemavie.fr\/wp-content\/uploads\/2022\/07\/20220628_115630-400x300.jpg 400w\" sizes=\"(max-width: 1024px) 100vw, 1024px\" \/><\/figure><\/li><li class=\"wp-block-coblocks-gallery-collage__item item-4\"><figure class=\"wp-block-coblocks-gallery-collage__figure\"><img decoding=\"async\" loading=\"lazy\" width=\"1024\" height=\"768\" alt=\"\" class=\"wp-image-704\" data-id=\"704\" data-imglink=\"\" data-index=\"3\" data-link=\"http:\/\/mavoiemavie.fr\/?attachment_id=704\" src=\"http:\/\/mavoiemavie.fr\/wp-content\/uploads\/2022\/07\/20220628_121000-1024x768.jpg\" srcset=\"http:\/\/mavoiemavie.fr\/wp-content\/uploads\/2022\/07\/20220628_121000-1024x768.jpg 1024w, http:\/\/mavoiemavie.fr\/wp-content\/uploads\/2022\/07\/20220628_121000-300x225.jpg 300w, http:\/\/mavoiemavie.fr\/wp-content\/uploads\/2022\/07\/20220628_121000-768x576.jpg 768w, http:\/\/mavoiemavie.fr\/wp-content\/uploads\/2022\/07\/20220628_121000-1536x1152.jpg 1536w, http:\/\/mavoiemavie.fr\/wp-content\/uploads\/2022\/07\/20220628_121000-2048x1536.jpg 2048w, http:\/\/mavoiemavie.fr\/wp-content\/uploads\/2022\/07\/20220628_121000-400x300.jpg 400w\" sizes=\"(max-width: 1024px) 100vw, 1024px\" \/><\/figure><\/li><li class=\"wp-block-coblocks-gallery-collage__item item-5\"><figure class=\"wp-block-coblocks-gallery-collage__figure\"><img decoding=\"async\" loading=\"lazy\" width=\"1024\" height=\"768\" alt=\"\" class=\"wp-image-379\" data-id=\"379\" data-imglink=\"\" data-index=\"4\" data-link=\"http:\/\/mavoiemavie.fr\/?attachment_id=379\" src=\"http:\/\/mavoiemavie.fr\/wp-content\/uploads\/2022\/04\/IMG_0965-1024x768.jpg\" srcset=\"http:\/\/mavoiemavie.fr\/wp-content\/uploads\/2022\/04\/IMG_0965-1024x768.jpg 1024w, http:\/\/mavoiemavie.fr\/wp-content\/uploads\/2022\/04\/IMG_0965-300x225.jpg 300w, http:\/\/mavoiemavie.fr\/wp-content\/uploads\/2022\/04\/IMG_0965-768x576.jpg 768w, http:\/\/mavoiemavie.fr\/wp-content\/uploads\/2022\/04\/IMG_0965-1536x1152.jpg 1536w, http:\/\/mavoiemavie.fr\/wp-content\/uploads\/2022\/04\/IMG_0965-2048x1536.jpg 2048w, http:\/\/mavoiemavie.fr\/wp-content\/uploads\/2022\/04\/IMG_0965-400x300.jpg 400w\" sizes=\"(max-width: 1024px) 100vw, 1024px\" \/><\/figure><\/li><\/ul><\/div>\n\n\n\n<p> <\/p>\n","protected":false},"excerpt":{"rendered":"<p>Lorsque je cherche une solution, que la r\u00e9flexion statique ne fonctionne plus, que j&#8217;ai besoin d&#8217;espace pour cr\u00e9er ou pour me sentir tout simplement bien, &hellip;<\/p>\n","protected":false},"author":1,"featured_media":168,"parent":0,"menu_order":0,"comment_status":"closed","ping_status":"closed","template":"","meta":{"_coblocks_attr":"","_coblocks_dimensions":"","_coblocks_responsive_height":"","_coblocks_accordion_ie_support":""},"_links":{"self":[{"href":"http:\/\/mavoiemavie.fr\/index.php\/wp-json\/wp\/v2\/pages\/109"}],"collection":[{"href":"http:\/\/mavoiemavie.fr\/index.php\/wp-json\/wp\/v2\/pages"}],"about":[{"href":"http:\/\/mavoiemavie.fr\/index.php\/wp-json\/wp\/v2\/types\/page"}],"author":[{"embeddable":true,"href":"http:\/\/mavoiemavie.fr\/index.php\/wp-json\/wp\/v2\/users\/1"}],"replies":[{"embeddable":true,"href":"http:\/\/mavoiemavie.fr\/index.php\/wp-json\/wp\/v2\/comments?post=109"}],"version-history":[{"count":22,"href":"http:\/\/mavoiemavie.fr\/index.php\/wp-json\/wp\/v2\/pages\/109\/revisions"}],"predecessor-version":[{"id":778,"href":"http:\/\/mavoiemavie.fr\/index.php\/wp-json\/wp\/v2\/pages\/109\/revisions\/778"}],"wp:featuredmedia":[{"embeddable":true,"href":"http:\/\/mavoiemavie.fr\/index.php\/wp-json\/wp\/v2\/media\/168"}],"wp:attachment":[{"href":"http:\/\/mavoiemavie.fr\/index.php\/wp-json\/wp\/v2\/media?parent=109"}],"curies":[{"name":"wp","href":"https:\/\/api.w.org\/{rel}","templated":true}]}}