{"id":101,"date":"2022-04-21T15:12:35","date_gmt":"2022-04-21T13:12:35","guid":{"rendered":"http:\/\/mavoiemavie.fr\/?page_id=101"},"modified":"2022-07-01T08:34:42","modified_gmt":"2022-07-01T06:34:42","slug":"la-femme","status":"publish","type":"page","link":"http:\/\/mavoiemavie.fr\/index.php\/la-femme\/","title":{"rendered":"La femme"},"content":{"rendered":"\n<div class=\"wp-block-group is-layout-flow\"><div class=\"wp-block-group__inner-container\">\n<div class=\"wp-block-columns is-layout-flex wp-container-2\">\n<div class=\"wp-block-column is-layout-flow\" style=\"flex-basis:100%\"><\/div>\n<\/div>\n<\/div><\/div>\n\n\n\n<div style=\"height:6px\" aria-hidden=\"true\" class=\"wp-block-spacer\"><\/div>\n\n\n\n<hr class=\"wp-block-separator has-alpha-channel-opacity\"\/>\n\n\n\n<div class=\"wp-block-media-text alignwide is-stacked-on-mobile is-vertically-aligned-center is-image-fill is-style-card\" style=\"grid-template-columns:43% auto\"><figure class=\"wp-block-media-text__media\" style=\"background-image:url(http:\/\/mavoiemavie.fr\/wp-content\/uploads\/2022\/04\/Sabina-Uzbek-marche-1024x575.jpg);background-position:24% 48%\"><img decoding=\"async\" loading=\"lazy\" width=\"1024\" height=\"575\" src=\"http:\/\/mavoiemavie.fr\/wp-content\/uploads\/2022\/04\/Sabina-Uzbek-marche-1024x575.jpg\" alt=\"\" class=\"wp-image-434 size-full\" srcset=\"http:\/\/mavoiemavie.fr\/wp-content\/uploads\/2022\/04\/Sabina-Uzbek-marche-1024x575.jpg 1024w, http:\/\/mavoiemavie.fr\/wp-content\/uploads\/2022\/04\/Sabina-Uzbek-marche-300x169.jpg 300w, http:\/\/mavoiemavie.fr\/wp-content\/uploads\/2022\/04\/Sabina-Uzbek-marche-768x432.jpg 768w, http:\/\/mavoiemavie.fr\/wp-content\/uploads\/2022\/04\/Sabina-Uzbek-marche-1536x863.jpg 1536w, http:\/\/mavoiemavie.fr\/wp-content\/uploads\/2022\/04\/Sabina-Uzbek-marche-2048x1151.jpg 2048w, http:\/\/mavoiemavie.fr\/wp-content\/uploads\/2022\/04\/Sabina-Uzbek-marche-496x279.jpg 496w\" sizes=\"(max-width: 1024px) 100vw, 1024px\" \/><\/figure><div class=\"wp-block-media-text__content\">\n<p>Curieuse et sociable, je vais facilement \u00e0 la rencontre des autres, questionne, m\u2019int\u00e9resse, trouvant \u00e0 chaque histoire de vie une r\u00e9elle richesse. Car tout le monde a quelque chose \u00e0 dire, \u00e0 partager, \u00e0 nous apprendre, du berger des pics enneig\u00e9s \u00e0 l\u2019homme d\u2019affaires tir\u00e9 \u00e0 quatre \u00e9pingles.<\/p>\n\n\n\n<p style=\"font-size:16px\">J&#8217;ai de multiples passions! <\/p>\n\n\n\n<p style=\"font-size:16px\">Si je devais en faire une liste, ce serait une longue file indienne parsem\u00e9e de beaut\u00e9 et de perles color\u00e9es en forme de mots et de symboles!<\/p>\n\n\n\n<p style=\"font-size:16px\">La vie m&#8217;a offert beaucoup de chance car j&#8217;ai rencontr\u00e9 des personnes formidables sur tout mon parcours! Et j&#8217;ai appris de leurs passions, par curiosit\u00e9 et int\u00e9r\u00eat! <\/p>\n\n\n\n<p>J&#8217;ai un mari et une fille formidable que j&#8217;aime \u00e9norm\u00e9ment et que je remercie d&#8217;\u00eatre dans ma vie! C&#8217;est un v\u00e9ritable bonheur de se savoir aim\u00e9e et reconnue !  La vie nous offre moultes occasions de prouver que la force des rencontres est vitale pour le parcours de chacun d&#8217;entre nous! <\/p>\n\n\n\n<p>Je ne sais pas ce que j&#8217;aurais fait autrement, mais je sais une chose s\u00fbrement: je ne changerais rien de ce que j&#8217;ai fait ces 15 derni\u00e8res ann\u00e9es \ud83d\ude42 <\/p>\n\n\n\n<p style=\"font-size:16px\">Quant \u00e0 moi et mon \u00e9panouissement, l&#8217;ouverture a toujours \u00e9t\u00e9 et continue d&#8217;\u00eatre la cl\u00e9 de la r\u00e9ussite ! Et j&#8217;aimerais pouvoir le dire \u00e0 toutes les personnes qui parfois pensent \u00eatre perdues ! Suivez votre coeur et vous ne vous perdrez plus !<\/p>\n<\/div><\/div>\n\n\n\n<hr class=\"wp-block-separator has-alpha-channel-opacity\"\/>\n","protected":false},"excerpt":{"rendered":"<p>Curieuse et sociable, je vais facilement \u00e0 la rencontre des autres, questionne, m\u2019int\u00e9resse, trouvant \u00e0 chaque histoire de vie une r\u00e9elle richesse. Car tout le &hellip;<\/p>\n","protected":false},"author":1,"featured_media":410,"parent":0,"menu_order":0,"comment_status":"closed","ping_status":"closed","template":"","meta":{"_coblocks_attr":"","_coblocks_dimensions":"","_coblocks_responsive_height":"","_coblocks_accordion_ie_support":""},"_links":{"self":[{"href":"http:\/\/mavoiemavie.fr\/index.php\/wp-json\/wp\/v2\/pages\/101"}],"collection":[{"href":"http:\/\/mavoiemavie.fr\/index.php\/wp-json\/wp\/v2\/pages"}],"about":[{"href":"http:\/\/mavoiemavie.fr\/index.php\/wp-json\/wp\/v2\/types\/page"}],"author":[{"embeddable":true,"href":"http:\/\/mavoiemavie.fr\/index.php\/wp-json\/wp\/v2\/users\/1"}],"replies":[{"embeddable":true,"href":"http:\/\/mavoiemavie.fr\/index.php\/wp-json\/wp\/v2\/comments?post=101"}],"version-history":[{"count":28,"href":"http:\/\/mavoiemavie.fr\/index.php\/wp-json\/wp\/v2\/pages\/101\/revisions"}],"predecessor-version":[{"id":681,"href":"http:\/\/mavoiemavie.fr\/index.php\/wp-json\/wp\/v2\/pages\/101\/revisions\/681"}],"wp:featuredmedia":[{"embeddable":true,"href":"http:\/\/mavoiemavie.fr\/index.php\/wp-json\/wp\/v2\/media\/410"}],"wp:attachment":[{"href":"http:\/\/mavoiemavie.fr\/index.php\/wp-json\/wp\/v2\/media?parent=101"}],"curies":[{"name":"wp","href":"https:\/\/api.w.org\/{rel}","templated":true}]}}